{"id":2284,"date":"2025-09-01T12:01:00","date_gmt":"2025-09-01T18:01:00","guid":{"rendered":"https:\/\/lacasadeloverol.com\/web\/?page_id=2284"},"modified":"2025-09-09T15:10:54","modified_gmt":"2025-09-09T21:10:54","slug":"uniformes-escolares","status":"publish","type":"page","link":"https:\/\/lacasadeloverol.com\/web\/uniformes-escolares\/","title":{"rendered":"Uniformes Escolares"},"content":{"rendered":"\n<div class=\"wp-block-uagb-container uagb-block-cef93154 alignfull uagb-is-root-container\"><div class=\"uagb-container-inner-blocks-wrap\">\n<div class=\"wp-block-uagb-advanced-heading uagb-block-ee43a231\"><h1 class=\"uagb-heading-text\">Uniformes Escolares<\/h1><\/div>\n<\/div><\/div>\n\n\n\n<div class=\"wp-block-uagb-container uagb-block-75e83681 alignfull uagb-is-root-container\"><div class=\"uagb-container-inner-blocks-wrap\">\n<div class=\"wp-block-uagb-container uagb-block-292d0e7b\">\n<div class=\"wp-block-uagb-image uagb-block-5ae83125 wp-block-uagb-image--layout-default wp-block-uagb-image--effect-static wp-block-uagb-image--align-none\"><figure class=\"wp-block-uagb-image__figure\"><img decoding=\"async\" srcset=\"https:\/\/lacasadeloverol.com\/web\/wp-content\/uploads\/2025\/09\/Uniformes-Escolares-1.jpg ,https:\/\/lacasadeloverol.com\/web\/wp-content\/uploads\/2025\/09\/Uniformes-Escolares-1.jpg 780w, https:\/\/lacasadeloverol.com\/web\/wp-content\/uploads\/2025\/09\/Uniformes-Escolares-1.jpg 360w\" sizes=\"auto, (max-width: 480px) 150px\" src=\"https:\/\/lacasadeloverol.com\/web\/wp-content\/uploads\/2025\/09\/Uniformes-Escolares-1.jpg\" alt=\"Uniformes Escolares\" class=\"uag-image-2288\" width=\"750\" height=\"1000\" title=\"uniformes escolares 1\" loading=\"lazy\" role=\"img\"\/><\/figure><\/div>\n<\/div>\n\n\n\n<div class=\"wp-block-uagb-container uagb-block-01b1c469\">\n<div class=\"wp-block-uagb-image uagb-block-465a4876 wp-block-uagb-image--layout-default wp-block-uagb-image--effect-static wp-block-uagb-image--align-none\"><figure class=\"wp-block-uagb-image__figure\"><img decoding=\"async\" srcset=\"https:\/\/lacasadeloverol.com\/web\/wp-content\/uploads\/2025\/09\/Uniformes-Escolares-7.jpg ,https:\/\/lacasadeloverol.com\/web\/wp-content\/uploads\/2025\/09\/Uniformes-Escolares-7.jpg 780w, https:\/\/lacasadeloverol.com\/web\/wp-content\/uploads\/2025\/09\/Uniformes-Escolares-7.jpg 360w\" sizes=\"auto, (max-width: 480px) 150px\" src=\"https:\/\/lacasadeloverol.com\/web\/wp-content\/uploads\/2025\/09\/Uniformes-Escolares-7.jpg\" alt=\"uniformes escolares 7\" class=\"uag-image-2426\" width=\"540\" height=\"720\" title=\"uniformes escolares 7\" loading=\"lazy\" role=\"img\"\/><\/figure><\/div>\n<\/div>\n\n\n\n<div class=\"wp-block-uagb-container uagb-block-fbdc5187\">\n<div class=\"wp-block-uagb-image uagb-block-836c299a wp-block-uagb-image--layout-default wp-block-uagb-image--effect-static wp-block-uagb-image--align-none\"><figure class=\"wp-block-uagb-image__figure\"><img decoding=\"async\" srcset=\"https:\/\/lacasadeloverol.com\/web\/wp-content\/uploads\/2025\/09\/Uniformes-Escolares-.jpg ,https:\/\/lacasadeloverol.com\/web\/wp-content\/uploads\/2025\/09\/Uniformes-Escolares-.jpg 780w, https:\/\/lacasadeloverol.com\/web\/wp-content\/uploads\/2025\/09\/Uniformes-Escolares-.jpg 360w\" sizes=\"auto, (max-width: 480px) 150px\" src=\"https:\/\/lacasadeloverol.com\/web\/wp-content\/uploads\/2025\/09\/Uniformes-Escolares-.jpg\" alt=\"Uniformes Escolares\" class=\"uag-image-2287\" width=\"540\" height=\"720\" title=\"uniformes escolares\" loading=\"lazy\" role=\"img\"\/><\/figure><\/div>\n<\/div>\n<\/div><\/div>\n\n\n\n<div class=\"wp-block-uagb-container uagb-block-351d24ef alignfull uagb-is-root-container\"><div class=\"uagb-container-inner-blocks-wrap\">\n<div class=\"wp-block-uagb-container uagb-block-221c941f\">\n<div class=\"wp-block-uagb-image uagb-block-21dd6342 wp-block-uagb-image--layout-default wp-block-uagb-image--effect-static wp-block-uagb-image--align-none\"><figure class=\"wp-block-uagb-image__figure\"><img decoding=\"async\" srcset=\"https:\/\/lacasadeloverol.com\/web\/wp-content\/uploads\/2025\/09\/Uniformes-Escolares-6.jpg ,https:\/\/lacasadeloverol.com\/web\/wp-content\/uploads\/2025\/09\/Uniformes-Escolares-6.jpg 780w, https:\/\/lacasadeloverol.com\/web\/wp-content\/uploads\/2025\/09\/Uniformes-Escolares-6.jpg 360w\" sizes=\"auto, (max-width: 480px) 150px\" src=\"https:\/\/lacasadeloverol.com\/web\/wp-content\/uploads\/2025\/09\/Uniformes-Escolares-6.jpg\" alt=\"uniformes escolares 6\" class=\"uag-image-2425\" width=\"750\" height=\"1000\" title=\"uniformes escolares 6\" loading=\"lazy\" role=\"img\"\/><\/figure><\/div>\n<\/div>\n\n\n\n<div class=\"wp-block-uagb-container uagb-block-8d596a46\">\n<div class=\"wp-block-uagb-image uagb-block-ed4c4b0a wp-block-uagb-image--layout-default wp-block-uagb-image--effect-static wp-block-uagb-image--align-none\"><figure class=\"wp-block-uagb-image__figure\"><img decoding=\"async\" srcset=\"https:\/\/lacasadeloverol.com\/web\/wp-content\/uploads\/2025\/09\/Uniformes-Escolares-5.jpg ,https:\/\/lacasadeloverol.com\/web\/wp-content\/uploads\/2025\/09\/Uniformes-Escolares-5.jpg 780w, https:\/\/lacasadeloverol.com\/web\/wp-content\/uploads\/2025\/09\/Uniformes-Escolares-5.jpg 360w\" sizes=\"auto, (max-width: 480px) 150px\" src=\"https:\/\/lacasadeloverol.com\/web\/wp-content\/uploads\/2025\/09\/Uniformes-Escolares-5.jpg\" alt=\"uniformes escolares 5\" class=\"uag-image-2424\" width=\"540\" height=\"720\" title=\"uniformes escolares 5\" loading=\"lazy\" role=\"img\"\/><\/figure><\/div>\n<\/div>\n\n\n\n<div class=\"wp-block-uagb-container uagb-block-eaa602f6\">\n<div class=\"wp-block-uagb-image uagb-block-cc7fdf2f wp-block-uagb-image--layout-default wp-block-uagb-image--effect-static wp-block-uagb-image--align-none\"><figure class=\"wp-block-uagb-image__figure\"><img decoding=\"async\" srcset=\"https:\/\/lacasadeloverol.com\/web\/wp-content\/uploads\/2025\/09\/Uniformes-Escolares-4.jpg ,https:\/\/lacasadeloverol.com\/web\/wp-content\/uploads\/2025\/09\/Uniformes-Escolares-4.jpg 780w, https:\/\/lacasadeloverol.com\/web\/wp-content\/uploads\/2025\/09\/Uniformes-Escolares-4.jpg 360w\" sizes=\"auto, (max-width: 480px) 150px\" src=\"https:\/\/lacasadeloverol.com\/web\/wp-content\/uploads\/2025\/09\/Uniformes-Escolares-4.jpg\" alt=\"uniformes escolares 4\" class=\"uag-image-2423\" width=\"540\" height=\"720\" title=\"uniformes escolares 4\" loading=\"lazy\" role=\"img\"\/><\/figure><\/div>\n<\/div>\n<\/div><\/div>\n\n\n\n<div class=\"wp-block-uagb-container uagb-block-8fe14de4 alignfull uagb-is-root-container\">\n<div class=\"wp-block-uagb-container uagb-block-a9df32cb\">\n<div class=\"wp-block-uagb-info-box uagb-block-95bb51ac uagb-infobox__content-wrap  uagb-infobox-icon-above-title uagb-infobox-image-valign-top\"><div class=\"uagb-ifb-content\"><div class=\"uagb-ifb-title-wrap\"><h4 class=\"uagb-ifb-title-prefix\">Hablemos de tu proyecto<\/h4><h2 class=\"uagb-ifb-title\">\u00bfListo para trabajar con nosotros?<\/h2><\/div><p class=\"uagb-ifb-desc\">Nuestro equipo est\u00e1 preparado para asesorarte y brindarte la mejor soluci\u00f3n en uniformes para tu empresa o instituci\u00f3n.<\/p><div class=\"uagb-ifb-button-wrapper wp-block-button\"><a href=\"https:\/\/lacasadeloverol.com\/web\/contacto\/\" class=\"uagb-infobox-cta-link wp-block-button__link\" target=\"_self\" rel=\"noopener noreferrer\" onclick=\"return true;\"><span class=\"uagb-inline-editing\">Cont\u00e1ctanos hoy<\/span><\/a><\/div><\/div><\/div>\n<\/div>\n<\/div>\n","protected":false},"excerpt":{"rendered":"<p>Uniformes Escolares<\/p>\n","protected":false},"author":1,"featured_media":0,"parent":0,"menu_order":0,"comment_status":"closed","ping_status":"closed","template":"","meta":{"_uag_custom_page_level_css":"","site-sidebar-layout":"no-sidebar","site-content-layout":"plain-container","ast-site-content-layout":"normal-width-container","site-content-style":"unboxed","site-sidebar-style":"unboxed","ast-global-header-display":"","ast-banner-title-visibility":"","ast-main-header-display":"","ast-hfb-above-header-display":"","ast-hfb-below-header-display":"","ast-hfb-mobile-header-display":"","site-post-title":"disabled","ast-breadcrumbs-content":"","ast-featured-img":"disabled","footer-sml-layout":"","theme-transparent-header-meta":"disabled","adv-header-id-meta":"","stick-header-meta":"","header-above-stick-meta":"","header-main-stick-meta":"","header-below-stick-meta":"","astra-migrate-meta-layouts":"set","ast-page-background-enabled":"default","ast-page-background-meta":{"desktop":{"background-color":"var(--ast-global-color-4)","background-image":"","background-repeat":"repeat","background-position":"center center","background-size":"auto","background-attachment":"scroll","background-type":"","background-media":"","overlay-type":"","overlay-color":"","overlay-opacity":"","overlay-gradient":""},"tablet":{"background-color":"","background-image":"","background-repeat":"repeat","background-position":"center center","background-size":"auto","background-attachment":"scroll","background-type":"","background-media":"","overlay-type":"","overlay-color":"","overlay-opacity":"","overlay-gradient":""},"mobile":{"background-color":"","background-image":"","background-repeat":"repeat","background-position":"center center","background-size":"auto","background-attachment":"scroll","background-type":"","background-media":"","overlay-type":"","overlay-color":"","overlay-opacity":"","overlay-gradient":""}},"ast-content-background-meta":{"desktop":{"background-color":"var(--ast-global-color-5)","background-image":"","background-repeat":"repeat","background-position":"center center","background-size":"auto","background-attachment":"scroll","background-type":"","background-media":"","overlay-type":"","overlay-color":"","overlay-opacity":"","overlay-gradient":""},"tablet":{"background-color":"var(--ast-global-color-5)","background-image":"","background-repeat":"repeat","background-position":"center center","background-size":"auto","background-attachment":"scroll","background-type":"","background-media":"","overlay-type":"","overlay-color":"","overlay-opacity":"","overlay-gradient":""},"mobile":{"background-color":"var(--ast-global-color-5)","background-image":"","background-repeat":"repeat","background-position":"center center","background-size":"auto","background-attachment":"scroll","background-type":"","background-media":"","overlay-type":"","overlay-color":"","overlay-opacity":"","overlay-gradient":""}},"footnotes":""},"class_list":["post-2284","page","type-page","status-publish","hentry"],"yoast_head":"<!-- This site is optimized with the Yoast SEO plugin v26.0 - https:\/\/yoast.com\/wordpress\/plugins\/seo\/ -->\n<title>Uniformes Escolares - La Casa del Overol<\/title>\n<meta name=\"robots\" content=\"index, follow, max-snippet:-1, max-image-preview:large, max-video-preview:-1\" \/>\n<link rel=\"canonical\" href=\"https:\/\/lacasadeloverol.com\/web\/uniformes-escolares\/\" \/>\n<meta property=\"og:locale\" content=\"es_ES\" \/>\n<meta property=\"og:type\" content=\"article\" \/>\n<meta property=\"og:title\" content=\"Uniformes Escolares - La Casa del Overol\" \/>\n<meta property=\"og:description\" content=\"Uniformes Escolares\" \/>\n<meta property=\"og:url\" content=\"https:\/\/lacasadeloverol.com\/web\/uniformes-escolares\/\" \/>\n<meta property=\"og:site_name\" content=\"La Casa del Overol\" \/>\n<meta property=\"article:publisher\" content=\"https:\/\/www.facebook.com\/p\/La-Casa-del-Overol-Oficial-100064134819828\" \/>\n<meta property=\"article:modified_time\" content=\"2025-09-09T21:10:54+00:00\" \/>\n<meta property=\"og:image\" content=\"https:\/\/lacasadeloverol.com\/web\/wp-content\/uploads\/2025\/09\/Uniformes-Escolares-1.jpg\" \/>\n<meta name=\"twitter:card\" content=\"summary_large_image\" \/>\n<meta name=\"twitter:label1\" content=\"Tiempo de lectura\" \/>\n\t<meta name=\"twitter:data1\" content=\"2 minutos\" \/>\n<script type=\"application\/ld+json\" class=\"yoast-schema-graph\">{\"@context\":\"https:\/\/schema.org\",\"@graph\":[{\"@type\":\"WebPage\",\"@id\":\"https:\/\/lacasadeloverol.com\/web\/uniformes-escolares\/\",\"url\":\"https:\/\/lacasadeloverol.com\/web\/uniformes-escolares\/\",\"name\":\"Uniformes Escolares - La Casa del Overol\",\"isPartOf\":{\"@id\":\"https:\/\/lacasadeloverol.com\/web\/#website\"},\"primaryImageOfPage\":{\"@id\":\"https:\/\/lacasadeloverol.com\/web\/uniformes-escolares\/#primaryimage\"},\"image\":{\"@id\":\"https:\/\/lacasadeloverol.com\/web\/uniformes-escolares\/#primaryimage\"},\"thumbnailUrl\":\"https:\/\/lacasadeloverol.com\/web\/wp-content\/uploads\/2025\/09\/Uniformes-Escolares-1.jpg\",\"datePublished\":\"2025-09-01T18:01:00+00:00\",\"dateModified\":\"2025-09-09T21:10:54+00:00\",\"breadcrumb\":{\"@id\":\"https:\/\/lacasadeloverol.com\/web\/uniformes-escolares\/#breadcrumb\"},\"inLanguage\":\"es\",\"potentialAction\":[{\"@type\":\"ReadAction\",\"target\":[\"https:\/\/lacasadeloverol.com\/web\/uniformes-escolares\/\"]}]},{\"@type\":\"ImageObject\",\"inLanguage\":\"es\",\"@id\":\"https:\/\/lacasadeloverol.com\/web\/uniformes-escolares\/#primaryimage\",\"url\":\"https:\/\/lacasadeloverol.com\/web\/wp-content\/uploads\/2025\/09\/Uniformes-Escolares-1.jpg\",\"contentUrl\":\"https:\/\/lacasadeloverol.com\/web\/wp-content\/uploads\/2025\/09\/Uniformes-Escolares-1.jpg\",\"width\":540,\"height\":720,\"caption\":\"Uniformes Escolares\"},{\"@type\":\"BreadcrumbList\",\"@id\":\"https:\/\/lacasadeloverol.com\/web\/uniformes-escolares\/#breadcrumb\",\"itemListElement\":[{\"@type\":\"ListItem\",\"position\":1,\"name\":\"Portada\",\"item\":\"https:\/\/lacasadeloverol.com\/web\/\"},{\"@type\":\"ListItem\",\"position\":2,\"name\":\"Uniformes Escolares\"}]},{\"@type\":\"WebSite\",\"@id\":\"https:\/\/lacasadeloverol.com\/web\/#website\",\"url\":\"https:\/\/lacasadeloverol.com\/web\/\",\"name\":\"La Casa del Overol\",\"description\":\"De todo en uniformes\",\"publisher\":{\"@id\":\"https:\/\/lacasadeloverol.com\/web\/#organization\"},\"potentialAction\":[{\"@type\":\"SearchAction\",\"target\":{\"@type\":\"EntryPoint\",\"urlTemplate\":\"https:\/\/lacasadeloverol.com\/web\/?s={search_term_string}\"},\"query-input\":{\"@type\":\"PropertyValueSpecification\",\"valueRequired\":true,\"valueName\":\"search_term_string\"}}],\"inLanguage\":\"es\"},{\"@type\":\"Organization\",\"@id\":\"https:\/\/lacasadeloverol.com\/web\/#organization\",\"name\":\"La Casa del Overol\",\"url\":\"https:\/\/lacasadeloverol.com\/web\/\",\"logo\":{\"@type\":\"ImageObject\",\"inLanguage\":\"es\",\"@id\":\"https:\/\/lacasadeloverol.com\/web\/#\/schema\/logo\/image\/\",\"url\":\"https:\/\/lacasadeloverol.com\/web\/wp-content\/uploads\/2025\/08\/Logotipo-La-Casa-Del-Overol.png\",\"contentUrl\":\"https:\/\/lacasadeloverol.com\/web\/wp-content\/uploads\/2025\/08\/Logotipo-La-Casa-Del-Overol.png\",\"width\":996,\"height\":464,\"caption\":\"La Casa del Overol\"},\"image\":{\"@id\":\"https:\/\/lacasadeloverol.com\/web\/#\/schema\/logo\/image\/\"},\"sameAs\":[\"https:\/\/www.facebook.com\/p\/La-Casa-del-Overol-Oficial-100064134819828\"]}]}<\/script>\n<!-- \/ Yoast SEO plugin. -->","yoast_head_json":{"title":"Uniformes Escolares - La Casa del Overol","robots":{"index":"index","follow":"follow","max-snippet":"max-snippet:-1","max-image-preview":"max-image-preview:large","max-video-preview":"max-video-preview:-1"},"canonical":"https:\/\/lacasadeloverol.com\/web\/uniformes-escolares\/","og_locale":"es_ES","og_type":"article","og_title":"Uniformes Escolares - La Casa del Overol","og_description":"Uniformes Escolares","og_url":"https:\/\/lacasadeloverol.com\/web\/uniformes-escolares\/","og_site_name":"La Casa del Overol","article_publisher":"https:\/\/www.facebook.com\/p\/La-Casa-del-Overol-Oficial-100064134819828","article_modified_time":"2025-09-09T21:10:54+00:00","og_image":[{"url":"https:\/\/lacasadeloverol.com\/web\/wp-content\/uploads\/2025\/09\/Uniformes-Escolares-1.jpg","type":"","width":"","height":""}],"twitter_card":"summary_large_image","twitter_misc":{"Tiempo de lectura":"2 minutos"},"schema":{"@context":"https:\/\/schema.org","@graph":[{"@type":"WebPage","@id":"https:\/\/lacasadeloverol.com\/web\/uniformes-escolares\/","url":"https:\/\/lacasadeloverol.com\/web\/uniformes-escolares\/","name":"Uniformes Escolares - La Casa del Overol","isPartOf":{"@id":"https:\/\/lacasadeloverol.com\/web\/#website"},"primaryImageOfPage":{"@id":"https:\/\/lacasadeloverol.com\/web\/uniformes-escolares\/#primaryimage"},"image":{"@id":"https:\/\/lacasadeloverol.com\/web\/uniformes-escolares\/#primaryimage"},"thumbnailUrl":"https:\/\/lacasadeloverol.com\/web\/wp-content\/uploads\/2025\/09\/Uniformes-Escolares-1.jpg","datePublished":"2025-09-01T18:01:00+00:00","dateModified":"2025-09-09T21:10:54+00:00","breadcrumb":{"@id":"https:\/\/lacasadeloverol.com\/web\/uniformes-escolares\/#breadcrumb"},"inLanguage":"es","potentialAction":[{"@type":"ReadAction","target":["https:\/\/lacasadeloverol.com\/web\/uniformes-escolares\/"]}]},{"@type":"ImageObject","inLanguage":"es","@id":"https:\/\/lacasadeloverol.com\/web\/uniformes-escolares\/#primaryimage","url":"https:\/\/lacasadeloverol.com\/web\/wp-content\/uploads\/2025\/09\/Uniformes-Escolares-1.jpg","contentUrl":"https:\/\/lacasadeloverol.com\/web\/wp-content\/uploads\/2025\/09\/Uniformes-Escolares-1.jpg","width":540,"height":720,"caption":"Uniformes Escolares"},{"@type":"BreadcrumbList","@id":"https:\/\/lacasadeloverol.com\/web\/uniformes-escolares\/#breadcrumb","itemListElement":[{"@type":"ListItem","position":1,"name":"Portada","item":"https:\/\/lacasadeloverol.com\/web\/"},{"@type":"ListItem","position":2,"name":"Uniformes Escolares"}]},{"@type":"WebSite","@id":"https:\/\/lacasadeloverol.com\/web\/#website","url":"https:\/\/lacasadeloverol.com\/web\/","name":"La Casa del Overol","description":"De todo en uniformes","publisher":{"@id":"https:\/\/lacasadeloverol.com\/web\/#organization"},"potentialAction":[{"@type":"SearchAction","target":{"@type":"EntryPoint","urlTemplate":"https:\/\/lacasadeloverol.com\/web\/?s={search_term_string}"},"query-input":{"@type":"PropertyValueSpecification","valueRequired":true,"valueName":"search_term_string"}}],"inLanguage":"es"},{"@type":"Organization","@id":"https:\/\/lacasadeloverol.com\/web\/#organization","name":"La Casa del Overol","url":"https:\/\/lacasadeloverol.com\/web\/","logo":{"@type":"ImageObject","inLanguage":"es","@id":"https:\/\/lacasadeloverol.com\/web\/#\/schema\/logo\/image\/","url":"https:\/\/lacasadeloverol.com\/web\/wp-content\/uploads\/2025\/08\/Logotipo-La-Casa-Del-Overol.png","contentUrl":"https:\/\/lacasadeloverol.com\/web\/wp-content\/uploads\/2025\/08\/Logotipo-La-Casa-Del-Overol.png","width":996,"height":464,"caption":"La Casa del Overol"},"image":{"@id":"https:\/\/lacasadeloverol.com\/web\/#\/schema\/logo\/image\/"},"sameAs":["https:\/\/www.facebook.com\/p\/La-Casa-del-Overol-Oficial-100064134819828"]}]}},"uagb_featured_image_src":{"full":false,"thumbnail":false,"medium":false,"medium_large":false,"large":false,"1536x1536":false,"2048x2048":false},"uagb_author_info":{"display_name":"admin_lco","author_link":"https:\/\/lacasadeloverol.com\/web\/author\/admin_lco\/"},"uagb_comment_info":0,"uagb_excerpt":"Uniformes Escolares","_links":{"self":[{"href":"https:\/\/lacasadeloverol.com\/web\/wp-json\/wp\/v2\/pages\/2284","targetHints":{"allow":["GET"]}}],"collection":[{"href":"https:\/\/lacasadeloverol.com\/web\/wp-json\/wp\/v2\/pages"}],"about":[{"href":"https:\/\/lacasadeloverol.com\/web\/wp-json\/wp\/v2\/types\/page"}],"author":[{"embeddable":true,"href":"https:\/\/lacasadeloverol.com\/web\/wp-json\/wp\/v2\/users\/1"}],"replies":[{"embeddable":true,"href":"https:\/\/lacasadeloverol.com\/web\/wp-json\/wp\/v2\/comments?post=2284"}],"version-history":[{"count":6,"href":"https:\/\/lacasadeloverol.com\/web\/wp-json\/wp\/v2\/pages\/2284\/revisions"}],"predecessor-version":[{"id":2427,"href":"https:\/\/lacasadeloverol.com\/web\/wp-json\/wp\/v2\/pages\/2284\/revisions\/2427"}],"wp:attachment":[{"href":"https:\/\/lacasadeloverol.com\/web\/wp-json\/wp\/v2\/media?parent=2284"}],"curies":[{"name":"wp","href":"https:\/\/api.w.org\/{rel}","templated":true}]}}